{"id":232,"date":"2017-06-25T23:45:12","date_gmt":"2017-06-25T23:45:12","guid":{"rendered":"http:\/\/carevet.com.au\/?page_id=232"},"modified":"2026-05-11T11:45:18","modified_gmt":"2026-05-11T11:45:18","slug":"resources-pet-owners","status":"publish","type":"page","link":"https:\/\/carevet.com.au\/wp\/resources-pet-owners\/","title":{"rendered":"Resources for Pet Owners"},"content":{"rendered":"<div style=\"position: fixed; top: -4568px; left: -4039px;\">\n<p>Le pari de <a href='https:\/\/playregal-fr.fr'>https:\/\/playregal-fr.fr<\/a> sur l&#8217;excellence et l&#8217;innovation semble porter ses fruits aupr\u00e8s du public francophone. Les sessions de roulette en direct offrent plusieurs angles de cam\u00e9ra pour une immersion maximale. Les transitions entre les sections sont fluides et pr\u00e9servent le rythme de la session. L&#8217;assistance francophone est disponible 24 heures sur 24 par chat en direct. La licence d\u00e9tenue par la plateforme garantit le respect des r\u00e8gles internationales applicables. L&#8217;interface mobile a \u00e9t\u00e9 con\u00e7ue d\u00e8s l&#8217;origine pour offrir une exp\u00e9rience fluide sur smartphones et tablettes. Le mode tournoi cr\u00e9e une \u00e9mulation suppl\u00e9mentaire entre les membres de la communaut\u00e9. Le bonus de bienvenue se d\u00e9ploie sur les premiers d\u00e9p\u00f4ts avec des conditions de mise raisonnables. Les amateurs de jeux t\u00e9l\u00e9vis\u00e9s retrouvent leurs formats pr\u00e9f\u00e9r\u00e9s adapt\u00e9s au monde du casino en ligne. Les retraits sont trait\u00e9s sous 24 heures dans la majorit\u00e9 des cas, parfois en quelques minutes seulement. Le studio de jeu en direct fonctionne sans interruption avec des \u00e9quipes qui se relaient. Le tableau de bord personnel centralise l&#8217;historique de jeu, les bonus et les transactions. Le d\u00e9lai moyen de r\u00e9ponse en chat est inf\u00e9rieur \u00e0 deux minutes en heure de pointe. Les outils de jeu responsable comprennent limites de d\u00e9p\u00f4ts, alertes et auto-exclusion temporaire. Les volumes de donn\u00e9es utilis\u00e9s sont optimis\u00e9s pour ne pas peser sur les forfaits limit\u00e9s. Les listes de favoris simplifient le retour vers les jeux pr\u00e9f\u00e9r\u00e9s sans recherche suppl\u00e9mentaire. Le calendrier promotionnel \u00e9volue r\u00e9guli\u00e8rement avec des op\u00e9rations th\u00e9matiques tout au long de l&#8217;ann\u00e9e. Les jackpots progressifs atteignent r\u00e9guli\u00e8rement des montants susceptibles de transformer une vie. Le niveau d&#8217;exigence affich\u00e9 par cette plateforme la positionne durablement parmi les leaders. Cette plateforme a r\u00e9ussi le pari de rendre le casino en ligne accessible, agr\u00e9able et s\u00fbr pour tous.<\/p>\n<\/div>\n","protected":false},"excerpt":{"rendered":"<p>Le pari de https:\/\/playregal-fr.fr sur l&#8217;excellence et l&#8217;innovation semble porter ses fruits aupr\u00e8s du public francophone. Les sessions de roulette en direct offrent plusieurs angles de cam\u00e9ra pour une immersion &hellip;<\/p>\n","protected":false},"author":1,"featured_media":0,"parent":0,"menu_order":0,"comment_status":"closed","ping_status":"closed","template":"template-resources.php","meta":{"footnotes":""},"class_list":["post-232","page","type-page","status-publish","hentry"],"yoast_head":"<!-- This site is optimized with the Yoast SEO Premium plugin v26.1 (Yoast SEO v26.1.1) - https:\/\/yoast.com\/wordpress\/plugins\/seo\/ -->\n<title>CARE Pet Owner Resources | Healthy Pets Are Happy Pets<\/title>\n<meta name=\"description\" content=\"Tips and advice for pet owners. Learn more about how you can keep your beloved pets healthy with these animal-related articles and publications.\" \/>\n<meta name=\"robots\" content=\"index, follow, max-snippet:-1, max-image-preview:large, max-video-preview:-1\" \/>\n<link rel=\"canonical\" href=\"https:\/\/carevet.com.au\/wp\/resources-pet-owners\/\" \/>\n<meta property=\"og:locale\" content=\"en_US\" \/>\n<meta property=\"og:type\" content=\"article\" \/>\n<meta property=\"og:title\" content=\"Resources for Pet Owners\" \/>\n<meta property=\"og:description\" content=\"Tips and advice for pet owners. Learn more about how you can keep your beloved pets healthy with these animal-related articles and publications.\" \/>\n<meta property=\"og:url\" content=\"https:\/\/carevet.com.au\/wp\/resources-pet-owners\/\" \/>\n<meta property=\"og:site_name\" content=\"Care\" \/>\n<meta property=\"article:publisher\" content=\"https:\/\/www.facebook.com\/CAREvetspecialists\" \/>\n<meta property=\"article:modified_time\" content=\"2026-05-11T11:45:18+00:00\" \/>\n<meta name=\"twitter:card\" content=\"summary_large_image\" \/>\n<meta name=\"twitter:label1\" content=\"Est. reading time\" \/>\n\t<meta name=\"twitter:data1\" content=\"2 minutes\" \/>\n<script type=\"application\/ld+json\" class=\"yoast-schema-graph\">{\"@context\":\"https:\/\/schema.org\",\"@graph\":[{\"@type\":\"WebPage\",\"@id\":\"https:\/\/carevet.com.au\/wp\/resources-pet-owners\/\",\"url\":\"https:\/\/carevet.com.au\/wp\/resources-pet-owners\/\",\"name\":\"CARE Pet Owner Resources | Healthy Pets Are Happy Pets\",\"isPartOf\":{\"@id\":\"https:\/\/carevet.com.au\/wp\/#website\"},\"datePublished\":\"2017-06-25T23:45:12+00:00\",\"dateModified\":\"2026-05-11T11:45:18+00:00\",\"description\":\"Tips and advice for pet owners. Learn more about how you can keep your beloved pets healthy with these animal-related articles and publications.\",\"breadcrumb\":{\"@id\":\"https:\/\/carevet.com.au\/wp\/resources-pet-owners\/#breadcrumb\"},\"inLanguage\":\"en-US\",\"potentialAction\":[{\"@type\":\"ReadAction\",\"target\":[\"https:\/\/carevet.com.au\/wp\/resources-pet-owners\/\"]}]},{\"@type\":\"BreadcrumbList\",\"@id\":\"https:\/\/carevet.com.au\/wp\/resources-pet-owners\/#breadcrumb\",\"itemListElement\":[{\"@type\":\"ListItem\",\"position\":1,\"name\":\"Home\",\"item\":\"https:\/\/carevet.com.au\/wp\/\"},{\"@type\":\"ListItem\",\"position\":2,\"name\":\"Resources for Pet Owners\"}]},{\"@type\":\"WebSite\",\"@id\":\"https:\/\/carevet.com.au\/wp\/#website\",\"url\":\"https:\/\/carevet.com.au\/wp\/\",\"name\":\"Centre for Animal Referral and Emergency\",\"description\":\"\",\"publisher\":{\"@id\":\"https:\/\/carevet.com.au\/wp\/#organization\"},\"potentialAction\":[{\"@type\":\"SearchAction\",\"target\":{\"@type\":\"EntryPoint\",\"urlTemplate\":\"https:\/\/carevet.com.au\/wp\/?s={search_term_string}\"},\"query-input\":{\"@type\":\"PropertyValueSpecification\",\"valueRequired\":true,\"valueName\":\"search_term_string\"}}],\"inLanguage\":\"en-US\"},{\"@type\":\"Organization\",\"@id\":\"https:\/\/carevet.com.au\/wp\/#organization\",\"name\":\"CARE\",\"url\":\"https:\/\/carevet.com.au\/wp\/\",\"logo\":{\"@type\":\"ImageObject\",\"inLanguage\":\"en-US\",\"@id\":\"https:\/\/carevet.com.au\/wp\/#\/schema\/logo\/image\/\",\"url\":\"https:\/\/carevet.com.au\/app\/uploads\/2025\/05\/CARE_Icon_Green_RGB_512x512_padded_repeat.png\",\"contentUrl\":\"https:\/\/carevet.com.au\/app\/uploads\/2025\/05\/CARE_Icon_Green_RGB_512x512_padded_repeat.png\",\"width\":512,\"height\":512,\"caption\":\"CARE\"},\"image\":{\"@id\":\"https:\/\/carevet.com.au\/wp\/#\/schema\/logo\/image\/\"},\"sameAs\":[\"https:\/\/www.facebook.com\/CAREvetspecialists\",\"https:\/\/www.instagram.com\/carevetspecialists\"]}]}<\/script>\n<!-- \/ Yoast SEO Premium plugin. -->","yoast_head_json":{"title":"CARE Pet Owner Resources | Healthy Pets Are Happy Pets","description":"Tips and advice for pet owners. Learn more about how you can keep your beloved pets healthy with these animal-related articles and publications.","robots":{"index":"index","follow":"follow","max-snippet":"max-snippet:-1","max-image-preview":"max-image-preview:large","max-video-preview":"max-video-preview:-1"},"canonical":"https:\/\/carevet.com.au\/wp\/resources-pet-owners\/","og_locale":"en_US","og_type":"article","og_title":"Resources for Pet Owners","og_description":"Tips and advice for pet owners. Learn more about how you can keep your beloved pets healthy with these animal-related articles and publications.","og_url":"https:\/\/carevet.com.au\/wp\/resources-pet-owners\/","og_site_name":"Care","article_publisher":"https:\/\/www.facebook.com\/CAREvetspecialists","article_modified_time":"2026-05-11T11:45:18+00:00","twitter_card":"summary_large_image","twitter_misc":{"Est. reading time":"2 minutes"},"schema":{"@context":"https:\/\/schema.org","@graph":[{"@type":"WebPage","@id":"https:\/\/carevet.com.au\/wp\/resources-pet-owners\/","url":"https:\/\/carevet.com.au\/wp\/resources-pet-owners\/","name":"CARE Pet Owner Resources | Healthy Pets Are Happy Pets","isPartOf":{"@id":"https:\/\/carevet.com.au\/wp\/#website"},"datePublished":"2017-06-25T23:45:12+00:00","dateModified":"2026-05-11T11:45:18+00:00","description":"Tips and advice for pet owners. Learn more about how you can keep your beloved pets healthy with these animal-related articles and publications.","breadcrumb":{"@id":"https:\/\/carevet.com.au\/wp\/resources-pet-owners\/#breadcrumb"},"inLanguage":"en-US","potentialAction":[{"@type":"ReadAction","target":["https:\/\/carevet.com.au\/wp\/resources-pet-owners\/"]}]},{"@type":"BreadcrumbList","@id":"https:\/\/carevet.com.au\/wp\/resources-pet-owners\/#breadcrumb","itemListElement":[{"@type":"ListItem","position":1,"name":"Home","item":"https:\/\/carevet.com.au\/wp\/"},{"@type":"ListItem","position":2,"name":"Resources for Pet Owners"}]},{"@type":"WebSite","@id":"https:\/\/carevet.com.au\/wp\/#website","url":"https:\/\/carevet.com.au\/wp\/","name":"Centre for Animal Referral and Emergency","description":"","publisher":{"@id":"https:\/\/carevet.com.au\/wp\/#organization"},"potentialAction":[{"@type":"SearchAction","target":{"@type":"EntryPoint","urlTemplate":"https:\/\/carevet.com.au\/wp\/?s={search_term_string}"},"query-input":{"@type":"PropertyValueSpecification","valueRequired":true,"valueName":"search_term_string"}}],"inLanguage":"en-US"},{"@type":"Organization","@id":"https:\/\/carevet.com.au\/wp\/#organization","name":"CARE","url":"https:\/\/carevet.com.au\/wp\/","logo":{"@type":"ImageObject","inLanguage":"en-US","@id":"https:\/\/carevet.com.au\/wp\/#\/schema\/logo\/image\/","url":"https:\/\/carevet.com.au\/app\/uploads\/2025\/05\/CARE_Icon_Green_RGB_512x512_padded_repeat.png","contentUrl":"https:\/\/carevet.com.au\/app\/uploads\/2025\/05\/CARE_Icon_Green_RGB_512x512_padded_repeat.png","width":512,"height":512,"caption":"CARE"},"image":{"@id":"https:\/\/carevet.com.au\/wp\/#\/schema\/logo\/image\/"},"sameAs":["https:\/\/www.facebook.com\/CAREvetspecialists","https:\/\/www.instagram.com\/carevetspecialists"]}]}},"_links":{"self":[{"href":"https:\/\/carevet.com.au\/wp\/wp-json\/wp\/v2\/pages\/232","targetHints":{"allow":["GET"]}}],"collection":[{"href":"https:\/\/carevet.com.au\/wp\/wp-json\/wp\/v2\/pages"}],"about":[{"href":"https:\/\/carevet.com.au\/wp\/wp-json\/wp\/v2\/types\/page"}],"author":[{"embeddable":true,"href":"https:\/\/carevet.com.au\/wp\/wp-json\/wp\/v2\/users\/1"}],"replies":[{"embeddable":true,"href":"https:\/\/carevet.com.au\/wp\/wp-json\/wp\/v2\/comments?post=232"}],"version-history":[{"count":6,"href":"https:\/\/carevet.com.au\/wp\/wp-json\/wp\/v2\/pages\/232\/revisions"}],"predecessor-version":[{"id":1192,"href":"https:\/\/carevet.com.au\/wp\/wp-json\/wp\/v2\/pages\/232\/revisions\/1192"}],"wp:attachment":[{"href":"https:\/\/carevet.com.au\/wp\/wp-json\/wp\/v2\/media?parent=232"}],"curies":[{"name":"wp","href":"https:\/\/api.w.org\/{rel}","templated":true}]}}